{"id":978,"date":"2022-08-01T01:40:39","date_gmt":"2022-07-31T23:40:39","guid":{"rendered":"https:\/\/petanque-cbillzach.fr\/?page_id=978"},"modified":"2024-04-03T02:11:52","modified_gmt":"2024-04-03T00:11:52","slug":"equipe-v2","status":"publish","type":"page","link":"https:\/\/petanque-cbillzach.fr\/index.php\/equipe-v2\/","title":{"rendered":"Equipe V2"},"content":{"rendered":"\t\t<div data-elementor-type=\"wp-page\" data-elementor-id=\"978\" class=\"elementor elementor-978\">\n\t\t\t\t\t\t<section class=\"elementor-section elementor-top-section elementor-element elementor-element-1b909028 elementor-section-boxed elementor-section-height-default elementor-section-height-default\" data-id=\"1b909028\" data-element_type=\"section\" data-e-type=\"section\">\n\t\t\t\t\t\t<div class=\"elementor-container elementor-column-gap-default\">\n\t\t\t\t\t<div class=\"elementor-column elementor-col-50 elementor-top-column elementor-element elementor-element-16c3c22\" data-id=\"16c3c22\" data-element_type=\"column\" data-e-type=\"column\">\n\t\t\t<div class=\"elementor-widget-wrap elementor-element-populated\">\n\t\t\t\t\t\t<div class=\"elementor-element elementor-element-4bdc15fd elementor-widget elementor-widget-text-editor\" data-id=\"4bdc15fd\" data-element_type=\"widget\" data-e-type=\"widget\" data-widget_type=\"text-editor.default\">\n\t\t\t\t<div class=\"elementor-widget-container\">\n\t\t\t\t\t\t\t\t\t<p><strong>EQUIPE V2<\/strong><\/p>\n<p><strong>Coach :\u00a0 \u00a0CHAUMONT Henri-Pierre<\/strong><\/p>\t\t\t\t\t\t\t\t<\/div>\n\t\t\t\t<\/div>\n\t\t\t\t\t<\/div>\n\t\t<\/div>\n\t\t\t\t<div class=\"elementor-column elementor-col-50 elementor-top-column elementor-element elementor-element-495b8878\" data-id=\"495b8878\" data-element_type=\"column\" data-e-type=\"column\">\n\t\t\t<div class=\"elementor-widget-wrap\">\n\t\t\t\t\t\t\t<\/div>\n\t\t<\/div>\n\t\t\t\t\t<\/div>\n\t\t<\/section>\n\t\t\t\t<section class=\"elementor-section elementor-top-section elementor-element elementor-element-68ee0a6e elementor-section-boxed elementor-section-height-default elementor-section-height-default\" data-id=\"68ee0a6e\" data-element_type=\"section\" data-e-type=\"section\">\n\t\t\t\t\t\t<div class=\"elementor-container elementor-column-gap-default\">\n\t\t\t\t\t<div class=\"elementor-column elementor-col-100 elementor-top-column elementor-element elementor-element-94abb07\" data-id=\"94abb07\" data-element_type=\"column\" data-e-type=\"column\">\n\t\t\t<div class=\"elementor-widget-wrap elementor-element-populated\">\n\t\t\t\t\t\t<div class=\"elementor-element elementor-element-63bd2ab elementor-widget elementor-widget-spacer\" data-id=\"63bd2ab\" data-element_type=\"widget\" data-e-type=\"widget\" data-widget_type=\"spacer.default\">\n\t\t\t\t<div class=\"elementor-widget-container\">\n\t\t\t\t\t\t\t<div class=\"elementor-spacer\">\n\t\t\t<div class=\"elementor-spacer-inner\"><\/div>\n\t\t<\/div>\n\t\t\t\t\t\t<\/div>\n\t\t\t\t<\/div>\n\t\t\t\t\t<\/div>\n\t\t<\/div>\n\t\t\t\t\t<\/div>\n\t\t<\/section>\n\t\t\t\t<section class=\"elementor-section elementor-top-section elementor-element elementor-element-549f267f elementor-section-boxed elementor-section-height-default elementor-section-height-default\" data-id=\"549f267f\" data-element_type=\"section\" data-e-type=\"section\">\n\t\t\t\t\t\t<div class=\"elementor-container elementor-column-gap-default\">\n\t\t\t\t\t<div class=\"elementor-column elementor-col-100 elementor-top-column elementor-element elementor-element-4587184b\" data-id=\"4587184b\" data-element_type=\"column\" data-e-type=\"column\">\n\t\t\t<div class=\"elementor-widget-wrap elementor-element-populated\">\n\t\t\t\t\t\t<div class=\"elementor-element elementor-element-46d8dab5 elementor-widget elementor-widget-text-editor\" data-id=\"46d8dab5\" data-element_type=\"widget\" data-e-type=\"widget\" data-widget_type=\"text-editor.default\">\n\t\t\t\t<div class=\"elementor-widget-container\">\n\t\t\t\t\t\t\t\t\t<p><\/p>\n<div class=\"wp-block-group\">\n<p><\/p>\n<\/div>\n<p><!-- \/wp:group --><\/p>\n<p><!-- wp:list {\"style\":{\"typography\":{\"fontSize\":\"20px\",\"lineHeight\":\"1.9\"}},\"textColor\":\"theme-palette2\"} --><\/p>\n<p>\u00a0<\/p>\n<ul class=\"has-theme-palette-2-color has-text-color\" style=\"font-size: 20px; line-height: 1.9;\">\n<li><strong>D&rsquo;ANTONI Mario<\/strong><\/li>\n<li><strong>DORLA Guy<\/strong><\/li>\n<li><strong>GRUNEWALD Andr\u00e9<\/strong><\/li>\n<li><strong>IANNONE Luigi<\/strong><\/li>\n<li><strong>MENDES Augusto<\/strong><\/li>\n<li><strong>MERCEY Christophe<\/strong><\/li>\n<li><strong>PUTH Tay<\/strong><\/li>\n<li><strong>SETTE Pascal<\/strong><\/li>\n<\/ul>\n<p><!-- \/wp:list --><\/p>\t\t\t\t\t\t\t\t<\/div>\n\t\t\t\t<\/div>\n\t\t\t\t\t<\/div>\n\t\t<\/div>\n\t\t\t\t\t<\/div>\n\t\t<\/section>\n\t\t\t\t<section class=\"elementor-section elementor-top-section elementor-element elementor-element-3f656c0 elementor-section-boxed elementor-section-height-default elementor-section-height-default\" data-id=\"3f656c0\" data-element_type=\"section\" data-e-type=\"section\">\n\t\t\t\t\t\t<div class=\"elementor-container elementor-column-gap-default\">\n\t\t\t\t\t<div class=\"elementor-column elementor-col-50 elementor-top-column elementor-element elementor-element-bcef10c\" data-id=\"bcef10c\" data-element_type=\"column\" data-e-type=\"column\">\n\t\t\t<div class=\"elementor-widget-wrap elementor-element-populated\">\n\t\t\t\t\t\t<div class=\"elementor-element elementor-element-5f5d1f0e elementor-widget elementor-widget-text-editor\" data-id=\"5f5d1f0e\" data-element_type=\"widget\" data-e-type=\"widget\" data-widget_type=\"text-editor.default\">\n\t\t\t\t<div class=\"elementor-widget-container\">\n\t\t\t\t\t\t\t\t\t<p><strong>Championnat R\u00e9gional des Clubs<\/strong><\/p>\t\t\t\t\t\t\t\t<\/div>\n\t\t\t\t<\/div>\n\t\t\t\t\t<\/div>\n\t\t<\/div>\n\t\t\t\t<div class=\"elementor-column elementor-col-50 elementor-top-column elementor-element elementor-element-2b82356d\" data-id=\"2b82356d\" data-element_type=\"column\" data-e-type=\"column\">\n\t\t\t<div class=\"elementor-widget-wrap\">\n\t\t\t\t\t\t\t<\/div>\n\t\t<\/div>\n\t\t\t\t\t<\/div>\n\t\t<\/section>\n\t\t\t\t<section class=\"elementor-section elementor-top-section elementor-element elementor-element-13800c04 elementor-section-boxed elementor-section-height-default elementor-section-height-default\" data-id=\"13800c04\" data-element_type=\"section\" data-e-type=\"section\">\n\t\t\t\t\t\t<div class=\"elementor-container elementor-column-gap-default\">\n\t\t\t\t\t<div class=\"elementor-column elementor-col-25 elementor-top-column elementor-element elementor-element-6db0f202\" data-id=\"6db0f202\" data-element_type=\"column\" data-e-type=\"column\">\n\t\t\t<div class=\"elementor-widget-wrap elementor-element-populated\">\n\t\t\t\t\t\t<div class=\"elementor-element elementor-element-530e1433 elementor-widget elementor-widget-text-editor\" data-id=\"530e1433\" data-element_type=\"widget\" data-e-type=\"widget\" data-widget_type=\"text-editor.default\">\n\t\t\t\t<div class=\"elementor-widget-container\">\n\t\t\t\t\t\t\t\t\t<p><span style=\"color: #ffffff;\"><a style=\"color: #ffffff;\" href=\"https:\/\/petanque-cbillzach.fr\/index.php\/equipe-v1\/\">Equipe pr\u00e9c\u00e9dente<\/a><\/span><\/p>\t\t\t\t\t\t\t\t<\/div>\n\t\t\t\t<\/div>\n\t\t\t\t\t<\/div>\n\t\t<\/div>\n\t\t\t\t<div class=\"elementor-column elementor-col-25 elementor-top-column elementor-element elementor-element-258714a1\" data-id=\"258714a1\" data-element_type=\"column\" data-e-type=\"column\">\n\t\t\t<div class=\"elementor-widget-wrap elementor-element-populated\">\n\t\t\t\t\t\t<div class=\"elementor-element elementor-element-289c7e00 elementor-widget elementor-widget-text-editor\" data-id=\"289c7e00\" data-element_type=\"widget\" data-e-type=\"widget\" data-widget_type=\"text-editor.default\">\n\t\t\t\t<div class=\"elementor-widget-container\">\n\t\t\t\t\t\t\t\t\t<p><span style=\"color: #ffffff;\"><a style=\"color: #ffffff;\" href=\"https:\/\/petanque-cbillzach.fr\/index.php\/equipe-v3\/\">Equipe suivante<\/a><\/span><\/p>\t\t\t\t\t\t\t\t<\/div>\n\t\t\t\t<\/div>\n\t\t\t\t\t<\/div>\n\t\t<\/div>\n\t\t\t\t<div class=\"elementor-column elementor-col-25 elementor-top-column elementor-element elementor-element-68991e65\" data-id=\"68991e65\" data-element_type=\"column\" data-e-type=\"column\">\n\t\t\t<div class=\"elementor-widget-wrap\">\n\t\t\t\t\t\t\t<\/div>\n\t\t<\/div>\n\t\t\t\t<div class=\"elementor-column elementor-col-25 elementor-top-column elementor-element elementor-element-7eaa0d29\" data-id=\"7eaa0d29\" data-element_type=\"column\" data-e-type=\"column\">\n\t\t\t<div class=\"elementor-widget-wrap\">\n\t\t\t\t\t\t\t<\/div>\n\t\t<\/div>\n\t\t\t\t\t<\/div>\n\t\t<\/section>\n\t\t\t\t<section class=\"elementor-section elementor-top-section elementor-element elementor-element-9004aef elementor-section-boxed elementor-section-height-default elementor-section-height-default\" data-id=\"9004aef\" data-element_type=\"section\" data-e-type=\"section\">\n\t\t\t\t\t\t<div class=\"elementor-container elementor-column-gap-default\">\n\t\t\t\t\t<div class=\"elementor-column elementor-col-100 elementor-top-column elementor-element elementor-element-38b70af\" data-id=\"38b70af\" data-element_type=\"column\" data-e-type=\"column\">\n\t\t\t<div class=\"elementor-widget-wrap elementor-element-populated\">\n\t\t\t\t\t\t<div class=\"elementor-element elementor-element-3a9afbb elementor-position-right elementor-vertical-align-top elementor-widget elementor-widget-image-box\" data-id=\"3a9afbb\" data-element_type=\"widget\" data-e-type=\"widget\" data-widget_type=\"image-box.default\">\n\t\t\t\t<div class=\"elementor-widget-container\">\n\t\t\t\t\t<div class=\"elementor-image-box-wrapper\"><figure class=\"elementor-image-box-img\"><img fetchpriority=\"high\" decoding=\"async\" width=\"2560\" height=\"1920\" src=\"https:\/\/petanque-cbillzach.fr\/wp-content\/uploads\/2023\/02\/Eq-V2-20230220_135536-scaled.jpg\" class=\"attachment-full size-full wp-image-7333\" alt=\"\" srcset=\"https:\/\/petanque-cbillzach.fr\/wp-content\/uploads\/2023\/02\/Eq-V2-20230220_135536-scaled.jpg 2560w, https:\/\/petanque-cbillzach.fr\/wp-content\/uploads\/2023\/02\/Eq-V2-20230220_135536-300x225.jpg 300w, https:\/\/petanque-cbillzach.fr\/wp-content\/uploads\/2023\/02\/Eq-V2-20230220_135536-1024x768.jpg 1024w, https:\/\/petanque-cbillzach.fr\/wp-content\/uploads\/2023\/02\/Eq-V2-20230220_135536-768x576.jpg 768w, https:\/\/petanque-cbillzach.fr\/wp-content\/uploads\/2023\/02\/Eq-V2-20230220_135536-1536x1152.jpg 1536w, https:\/\/petanque-cbillzach.fr\/wp-content\/uploads\/2023\/02\/Eq-V2-20230220_135536-2048x1536.jpg 2048w\" sizes=\"(max-width: 2560px) 100vw, 2560px\" \/><\/figure><div class=\"elementor-image-box-content\"><h3 class=\"elementor-image-box-title\">Saison 2023<\/h3><p class=\"elementor-image-box-description\">1er rang de g. \u00e0 d. Mario D'Antoni, Tay Puth, Dominique Baumann, Guy Dorla.\n\n2\u00e8me rang Claude Chaumont, Luigi Iannone, Christophe Mercey, Henri-Pierre Chaumont,  Augusto Mendes.\n<br><\/p><\/div><\/div>\t\t\t\t<\/div>\n\t\t\t\t<\/div>\n\t\t\t\t\t<\/div>\n\t\t<\/div>\n\t\t\t\t\t<\/div>\n\t\t<\/section>\n\t\t\t\t<section class=\"elementor-section elementor-top-section elementor-element elementor-element-a373a0a elementor-section-boxed elementor-section-height-default elementor-section-height-default\" data-id=\"a373a0a\" data-element_type=\"section\" data-e-type=\"section\">\n\t\t\t\t\t\t<div class=\"elementor-container elementor-column-gap-default\">\n\t\t\t\t\t<div class=\"elementor-column elementor-col-100 elementor-top-column elementor-element elementor-element-90262e3\" data-id=\"90262e3\" data-element_type=\"column\" data-e-type=\"column\">\n\t\t\t<div class=\"elementor-widget-wrap elementor-element-populated\">\n\t\t\t\t\t\t<div class=\"elementor-element elementor-element-87de5b6 elementor-position-left elementor-vertical-align-top elementor-widget elementor-widget-image-box\" data-id=\"87de5b6\" data-element_type=\"widget\" data-e-type=\"widget\" data-widget_type=\"image-box.default\">\n\t\t\t\t<div class=\"elementor-widget-container\">\n\t\t\t\t\t<div class=\"elementor-image-box-wrapper\"><figure class=\"elementor-image-box-img\"><img decoding=\"async\" width=\"2560\" height=\"2046\" src=\"https:\/\/petanque-cbillzach.fr\/wp-content\/uploads\/2022\/08\/Equipe-V2-2021-scaled.jpg\" class=\"attachment-full size-full wp-image-1854\" alt=\"\" srcset=\"https:\/\/petanque-cbillzach.fr\/wp-content\/uploads\/2022\/08\/Equipe-V2-2021-scaled.jpg 2560w, https:\/\/petanque-cbillzach.fr\/wp-content\/uploads\/2022\/08\/Equipe-V2-2021-300x240.jpg 300w, https:\/\/petanque-cbillzach.fr\/wp-content\/uploads\/2022\/08\/Equipe-V2-2021-1024x818.jpg 1024w, https:\/\/petanque-cbillzach.fr\/wp-content\/uploads\/2022\/08\/Equipe-V2-2021-768x614.jpg 768w, https:\/\/petanque-cbillzach.fr\/wp-content\/uploads\/2022\/08\/Equipe-V2-2021-1536x1227.jpg 1536w, https:\/\/petanque-cbillzach.fr\/wp-content\/uploads\/2022\/08\/Equipe-V2-2021-2048x1637.jpg 2048w\" sizes=\"(max-width: 2560px) 100vw, 2560px\" \/><\/figure><div class=\"elementor-image-box-content\"><h3 class=\"elementor-image-box-title\">Saison 2021<\/h3><p class=\"elementor-image-box-description\">De g. \u00e0 d.\n\nClaudio Castellano, Pasqual Sette, Henri-Pierre Chaumont, Christian Keller, Augusto Mendes, Armand Ros, Guy Dorla, Sylvain Steiniger.\n<\/p><\/div><\/div>\t\t\t\t<\/div>\n\t\t\t\t<\/div>\n\t\t\t\t\t<\/div>\n\t\t<\/div>\n\t\t\t\t\t<\/div>\n\t\t<\/section>\n\t\t\t\t<\/div>\n\t\t","protected":false},"excerpt":{"rendered":"<p>EQUIPE V2 Coach :\u00a0 \u00a0CHAUMONT Henri-Pierre \u00a0 D&rsquo;ANTONI Mario DORLA Guy GRUNEWALD Andr\u00e9 IANNONE Luigi MENDES Augusto MERCEY Christophe PUTH Tay SETTE Pascal Championnat R\u00e9gional des Clubs Equipe pr\u00e9c\u00e9dente Equipe suivante Saison 2023 1er rang de g. \u00e0 d. Mario D&rsquo;Antoni, Tay Puth, Dominique Baumann, Guy Dorla. 2\u00e8me rang Claude Chaumont, Luigi Iannone, Christophe Mercey,&#8230;<\/p>\n","protected":false},"author":2,"featured_media":0,"parent":0,"menu_order":0,"comment_status":"closed","ping_status":"closed","template":"elementor_header_footer","meta":{"_kadence_starter_templates_imported_post":false,"_kad_post_transparent":"","_kad_post_title":"hide","_kad_post_layout":"fullwidth","_kad_post_sidebar_id":"","_kad_post_content_style":"unboxed","_kad_post_vertical_padding":"hide","_kad_post_feature":"hide","_kad_post_feature_position":"","_kad_post_header":false,"_kad_post_footer":false,"_kad_post_classname":"","footnotes":""},"class_list":["post-978","page","type-page","status-publish","hentry"],"_links":{"self":[{"href":"https:\/\/petanque-cbillzach.fr\/index.php\/wp-json\/wp\/v2\/pages\/978","targetHints":{"allow":["GET"]}}],"collection":[{"href":"https:\/\/petanque-cbillzach.fr\/index.php\/wp-json\/wp\/v2\/pages"}],"about":[{"href":"https:\/\/petanque-cbillzach.fr\/index.php\/wp-json\/wp\/v2\/types\/page"}],"author":[{"embeddable":true,"href":"https:\/\/petanque-cbillzach.fr\/index.php\/wp-json\/wp\/v2\/users\/2"}],"replies":[{"embeddable":true,"href":"https:\/\/petanque-cbillzach.fr\/index.php\/wp-json\/wp\/v2\/comments?post=978"}],"version-history":[{"count":0,"href":"https:\/\/petanque-cbillzach.fr\/index.php\/wp-json\/wp\/v2\/pages\/978\/revisions"}],"wp:attachment":[{"href":"https:\/\/petanque-cbillzach.fr\/index.php\/wp-json\/wp\/v2\/media?parent=978"}],"curies":[{"name":"wp","href":"https:\/\/api.w.org\/{rel}","templated":true}]}}