{"id":984,"date":"2022-08-01T01:42:18","date_gmt":"2022-07-31T23:42:18","guid":{"rendered":"https:\/\/petanque-cbillzach.fr\/?page_id=984"},"modified":"2024-04-11T02:13:39","modified_gmt":"2024-04-11T00:13:39","slug":"equipe-v5","status":"publish","type":"page","link":"https:\/\/petanque-cbillzach.fr\/index.php\/equipe-v5\/","title":{"rendered":"Equipe V5"},"content":{"rendered":"\t\t<div data-elementor-type=\"wp-page\" data-elementor-id=\"984\" class=\"elementor elementor-984\">\n\t\t\t\t\t\t<section class=\"elementor-section elementor-top-section elementor-element elementor-element-23fc71b8 elementor-section-boxed elementor-section-height-default elementor-section-height-default\" data-id=\"23fc71b8\" data-element_type=\"section\" data-e-type=\"section\">\n\t\t\t\t\t\t<div class=\"elementor-container elementor-column-gap-default\">\n\t\t\t\t\t<div class=\"elementor-column elementor-col-50 elementor-top-column elementor-element elementor-element-183ff28e\" data-id=\"183ff28e\" data-element_type=\"column\" data-e-type=\"column\">\n\t\t\t<div class=\"elementor-widget-wrap elementor-element-populated\">\n\t\t\t\t\t\t<div class=\"elementor-element elementor-element-31c503f8 elementor-widget elementor-widget-text-editor\" data-id=\"31c503f8\" data-element_type=\"widget\" data-e-type=\"widget\" data-widget_type=\"text-editor.default\">\n\t\t\t\t<div class=\"elementor-widget-container\">\n\t\t\t\t\t\t\t\t\t<p><strong>EQUIPE V5<\/strong><\/p>\n<p><strong>Coach :\u00a0 \u00a0LE PEUCH Philippe<\/strong><\/p>\t\t\t\t\t\t\t\t<\/div>\n\t\t\t\t<\/div>\n\t\t\t\t\t<\/div>\n\t\t<\/div>\n\t\t\t\t<div class=\"elementor-column elementor-col-50 elementor-top-column elementor-element elementor-element-780d59bd\" data-id=\"780d59bd\" data-element_type=\"column\" data-e-type=\"column\">\n\t\t\t<div class=\"elementor-widget-wrap\">\n\t\t\t\t\t\t\t<\/div>\n\t\t<\/div>\n\t\t\t\t\t<\/div>\n\t\t<\/section>\n\t\t\t\t<section class=\"elementor-section elementor-top-section elementor-element elementor-element-2ff232b6 elementor-section-boxed elementor-section-height-default elementor-section-height-default\" data-id=\"2ff232b6\" data-element_type=\"section\" data-e-type=\"section\">\n\t\t\t\t\t\t<div class=\"elementor-container elementor-column-gap-default\">\n\t\t\t\t\t<div class=\"elementor-column elementor-col-100 elementor-top-column elementor-element elementor-element-1048a5e8\" data-id=\"1048a5e8\" data-element_type=\"column\" data-e-type=\"column\">\n\t\t\t<div class=\"elementor-widget-wrap elementor-element-populated\">\n\t\t\t\t\t\t<div class=\"elementor-element elementor-element-46aca710 elementor-widget elementor-widget-spacer\" data-id=\"46aca710\" data-element_type=\"widget\" data-e-type=\"widget\" data-widget_type=\"spacer.default\">\n\t\t\t\t<div class=\"elementor-widget-container\">\n\t\t\t\t\t\t\t<div class=\"elementor-spacer\">\n\t\t\t<div class=\"elementor-spacer-inner\"><\/div>\n\t\t<\/div>\n\t\t\t\t\t\t<\/div>\n\t\t\t\t<\/div>\n\t\t\t\t\t<\/div>\n\t\t<\/div>\n\t\t\t\t\t<\/div>\n\t\t<\/section>\n\t\t\t\t<section class=\"elementor-section elementor-top-section elementor-element elementor-element-2cce66ba elementor-section-boxed elementor-section-height-default elementor-section-height-default\" data-id=\"2cce66ba\" data-element_type=\"section\" data-e-type=\"section\">\n\t\t\t\t\t\t<div class=\"elementor-container elementor-column-gap-default\">\n\t\t\t\t\t<div class=\"elementor-column elementor-col-100 elementor-top-column elementor-element elementor-element-2e6b7595\" data-id=\"2e6b7595\" data-element_type=\"column\" data-e-type=\"column\">\n\t\t\t<div class=\"elementor-widget-wrap elementor-element-populated\">\n\t\t\t\t\t\t<div class=\"elementor-element elementor-element-3c4dc66e elementor-widget elementor-widget-text-editor\" data-id=\"3c4dc66e\" data-element_type=\"widget\" data-e-type=\"widget\" data-widget_type=\"text-editor.default\">\n\t\t\t\t<div class=\"elementor-widget-container\">\n\t\t\t\t\t\t\t\t\t<p><\/p>\n<div class=\"wp-block-group\">\n<p><\/p>\n<\/div>\n<p><!-- \/wp:group --><\/p>\n<p><!-- wp:list {\"style\":{\"typography\":{\"fontSize\":\"20px\",\"lineHeight\":\"1.9\"}},\"textColor\":\"theme-palette2\"} --><\/p>\n<ul class=\"has-theme-palette-2-color has-text-color\" style=\"font-size: 20px; line-height: 1.9;\">\n<li><strong>ADJEDJ Jean-Claude<\/strong><\/li>\n<li><strong>CHAUMONT Bernard<\/strong><\/li>\n<li><strong>DELISE Christian<\/strong><\/li>\n<li><strong>DETAIL Dominique<\/strong><\/li>\n<li><strong>GIANOLIO Bernard<\/strong><\/li>\n<li><strong>IGNACZACK Pascal<\/strong><\/li>\n<li><strong>KECH Jean-Luc<\/strong><\/li>\n<li><strong>MARTINEZ Philippe<\/strong><\/li>\n<li><strong>TAG Patrick<\/strong><\/li>\n<\/ul>\n<p><!-- \/wp:list --><\/p>\t\t\t\t\t\t\t\t<\/div>\n\t\t\t\t<\/div>\n\t\t\t\t\t<\/div>\n\t\t<\/div>\n\t\t\t\t\t<\/div>\n\t\t<\/section>\n\t\t\t\t<section class=\"elementor-section elementor-top-section elementor-element elementor-element-13f7d598 elementor-section-boxed elementor-section-height-default elementor-section-height-default\" data-id=\"13f7d598\" data-element_type=\"section\" data-e-type=\"section\">\n\t\t\t\t\t\t<div class=\"elementor-container elementor-column-gap-default\">\n\t\t\t\t\t<div class=\"elementor-column elementor-col-50 elementor-top-column elementor-element elementor-element-3b29a3cb\" data-id=\"3b29a3cb\" data-element_type=\"column\" data-e-type=\"column\">\n\t\t\t<div class=\"elementor-widget-wrap elementor-element-populated\">\n\t\t\t\t\t\t<div class=\"elementor-element elementor-element-31c65850 elementor-widget elementor-widget-text-editor\" data-id=\"31c65850\" data-element_type=\"widget\" data-e-type=\"widget\" data-widget_type=\"text-editor.default\">\n\t\t\t\t<div class=\"elementor-widget-container\">\n\t\t\t\t\t\t\t\t\t<p><strong>Championnat D\u00e9partemental des Clubs V\u00e9t\u00e9rans<br \/>Division 1<br \/>Championne 2023<\/strong><\/p>\t\t\t\t\t\t\t\t<\/div>\n\t\t\t\t<\/div>\n\t\t\t\t\t<\/div>\n\t\t<\/div>\n\t\t\t\t<div class=\"elementor-column elementor-col-50 elementor-top-column elementor-element elementor-element-9889b5\" data-id=\"9889b5\" data-element_type=\"column\" data-e-type=\"column\">\n\t\t\t<div class=\"elementor-widget-wrap\">\n\t\t\t\t\t\t\t<\/div>\n\t\t<\/div>\n\t\t\t\t\t<\/div>\n\t\t<\/section>\n\t\t\t\t<section class=\"elementor-section elementor-top-section elementor-element elementor-element-4afd1c05 elementor-section-boxed elementor-section-height-default elementor-section-height-default\" data-id=\"4afd1c05\" data-element_type=\"section\" data-e-type=\"section\">\n\t\t\t\t\t\t<div class=\"elementor-container elementor-column-gap-default\">\n\t\t\t\t\t<div class=\"elementor-column elementor-col-25 elementor-top-column elementor-element elementor-element-352275e1\" data-id=\"352275e1\" data-element_type=\"column\" data-e-type=\"column\">\n\t\t\t<div class=\"elementor-widget-wrap elementor-element-populated\">\n\t\t\t\t\t\t<div class=\"elementor-element elementor-element-13738c6f elementor-widget elementor-widget-text-editor\" data-id=\"13738c6f\" data-element_type=\"widget\" data-e-type=\"widget\" data-widget_type=\"text-editor.default\">\n\t\t\t\t<div class=\"elementor-widget-container\">\n\t\t\t\t\t\t\t\t\t<p><span style=\"color: #ffffff;\"><a style=\"color: #ffffff;\" href=\"https:\/\/petanque-cbillzach.fr\/index.php\/equipe-v4\/\" data-wplink-edit=\"true\">Equipe pr\u00e9c\u00e9dente<\/a><\/span><\/p>\t\t\t\t\t\t\t\t<\/div>\n\t\t\t\t<\/div>\n\t\t\t\t\t<\/div>\n\t\t<\/div>\n\t\t\t\t<div class=\"elementor-column elementor-col-25 elementor-top-column elementor-element elementor-element-1f56edbe\" data-id=\"1f56edbe\" data-element_type=\"column\" data-e-type=\"column\">\n\t\t\t<div class=\"elementor-widget-wrap elementor-element-populated\">\n\t\t\t\t\t\t<div class=\"elementor-element elementor-element-0a6ac76 elementor-widget elementor-widget-text-editor\" data-id=\"0a6ac76\" data-element_type=\"widget\" data-e-type=\"widget\" data-widget_type=\"text-editor.default\">\n\t\t\t\t<div class=\"elementor-widget-container\">\n\t\t\t\t\t\t\t\t\t<p><span style=\"color: #ffffff;\"><a style=\"color: #ffffff;\" href=\"https:\/\/petanque-cbillzach.fr\/index.php\/equipe-v6\/\" data-wplink-edit=\"true\">Equipe suivante<\/a><\/span><\/p>\t\t\t\t\t\t\t\t<\/div>\n\t\t\t\t<\/div>\n\t\t\t\t\t<\/div>\n\t\t<\/div>\n\t\t\t\t<div class=\"elementor-column elementor-col-25 elementor-top-column elementor-element elementor-element-13b3096b\" data-id=\"13b3096b\" data-element_type=\"column\" data-e-type=\"column\">\n\t\t\t<div class=\"elementor-widget-wrap\">\n\t\t\t\t\t\t\t<\/div>\n\t\t<\/div>\n\t\t\t\t<div class=\"elementor-column elementor-col-25 elementor-top-column elementor-element elementor-element-64d7b5a6\" data-id=\"64d7b5a6\" data-element_type=\"column\" data-e-type=\"column\">\n\t\t\t<div class=\"elementor-widget-wrap\">\n\t\t\t\t\t\t\t<\/div>\n\t\t<\/div>\n\t\t\t\t\t<\/div>\n\t\t<\/section>\n\t\t\t\t<section class=\"elementor-section elementor-top-section elementor-element elementor-element-fda1483 elementor-section-boxed elementor-section-height-default elementor-section-height-default\" data-id=\"fda1483\" data-element_type=\"section\" data-e-type=\"section\">\n\t\t\t\t\t\t<div class=\"elementor-container elementor-column-gap-default\">\n\t\t\t\t\t<div class=\"elementor-column elementor-col-100 elementor-top-column elementor-element elementor-element-47c627e\" data-id=\"47c627e\" data-element_type=\"column\" data-e-type=\"column\">\n\t\t\t<div class=\"elementor-widget-wrap elementor-element-populated\">\n\t\t\t\t\t\t<div class=\"elementor-element elementor-element-b2351e1 elementor-position-left elementor-vertical-align-top elementor-widget elementor-widget-image-box\" data-id=\"b2351e1\" data-element_type=\"widget\" data-e-type=\"widget\" data-widget_type=\"image-box.default\">\n\t\t\t\t<div class=\"elementor-widget-container\">\n\t\t\t\t\t<div class=\"elementor-image-box-wrapper\"><figure class=\"elementor-image-box-img\"><img fetchpriority=\"high\" decoding=\"async\" width=\"752\" height=\"570\" src=\"https:\/\/petanque-cbillzach.fr\/wp-content\/uploads\/2022\/08\/Equipe-V5-2021-e1660261904143.jpg\" class=\"attachment-full size-full wp-image-1857\" alt=\"\" srcset=\"https:\/\/petanque-cbillzach.fr\/wp-content\/uploads\/2022\/08\/Equipe-V5-2021-e1660261904143.jpg 752w, https:\/\/petanque-cbillzach.fr\/wp-content\/uploads\/2022\/08\/Equipe-V5-2021-e1660261904143-300x227.jpg 300w\" sizes=\"(max-width: 752px) 100vw, 752px\" \/><\/figure><div class=\"elementor-image-box-content\"><h3 class=\"elementor-image-box-title\">Saison 2021<\/h3><p class=\"elementor-image-box-description\">De g. \u00e0 d. Patrick Tag, Khelifa Mejri, Philippe Le Peuch, Jean-Luc Kech, B\u00e9atrice Merkle, Dominique Detail, Serge Marchal, Pascal Ignaczack, Jean Maucieri.<\/p><\/div><\/div>\t\t\t\t<\/div>\n\t\t\t\t<\/div>\n\t\t\t\t\t<\/div>\n\t\t<\/div>\n\t\t\t\t\t<\/div>\n\t\t<\/section>\n\t\t\t\t<\/div>\n\t\t","protected":false},"excerpt":{"rendered":"<p>EQUIPE V5 Coach :\u00a0 \u00a0LE PEUCH Philippe ADJEDJ Jean-Claude CHAUMONT Bernard DELISE Christian DETAIL Dominique GIANOLIO Bernard IGNACZACK Pascal KECH Jean-Luc MARTINEZ Philippe TAG Patrick Championnat D\u00e9partemental des Clubs V\u00e9t\u00e9ransDivision 1Championne 2023 Equipe pr\u00e9c\u00e9dente Equipe suivante Saison 2021 De g. \u00e0 d. Patrick Tag, Khelifa Mejri, Philippe Le Peuch, Jean-Luc Kech, B\u00e9atrice Merkle, Dominique Detail,&#8230;<\/p>\n","protected":false},"author":2,"featured_media":0,"parent":0,"menu_order":0,"comment_status":"closed","ping_status":"closed","template":"elementor_header_footer","meta":{"_kadence_starter_templates_imported_post":false,"_kad_post_transparent":"","_kad_post_title":"hide","_kad_post_layout":"fullwidth","_kad_post_sidebar_id":"","_kad_post_content_style":"unboxed","_kad_post_vertical_padding":"hide","_kad_post_feature":"hide","_kad_post_feature_position":"","_kad_post_header":false,"_kad_post_footer":false,"_kad_post_classname":"","footnotes":""},"class_list":["post-984","page","type-page","status-publish","hentry"],"_links":{"self":[{"href":"https:\/\/petanque-cbillzach.fr\/index.php\/wp-json\/wp\/v2\/pages\/984","targetHints":{"allow":["GET"]}}],"collection":[{"href":"https:\/\/petanque-cbillzach.fr\/index.php\/wp-json\/wp\/v2\/pages"}],"about":[{"href":"https:\/\/petanque-cbillzach.fr\/index.php\/wp-json\/wp\/v2\/types\/page"}],"author":[{"embeddable":true,"href":"https:\/\/petanque-cbillzach.fr\/index.php\/wp-json\/wp\/v2\/users\/2"}],"replies":[{"embeddable":true,"href":"https:\/\/petanque-cbillzach.fr\/index.php\/wp-json\/wp\/v2\/comments?post=984"}],"version-history":[{"count":0,"href":"https:\/\/petanque-cbillzach.fr\/index.php\/wp-json\/wp\/v2\/pages\/984\/revisions"}],"wp:attachment":[{"href":"https:\/\/petanque-cbillzach.fr\/index.php\/wp-json\/wp\/v2\/media?parent=984"}],"curies":[{"name":"wp","href":"https:\/\/api.w.org\/{rel}","templated":true}]}}